{"id":34,"date":"2020-02-16T19:41:04","date_gmt":"2020-02-16T18:41:04","guid":{"rendered":"http:\/\/popotines.fr\/?page_id=34"},"modified":"2026-02-02T14:11:21","modified_gmt":"2026-02-02T13:11:21","slug":"popotines","status":"publish","type":"page","link":"https:\/\/popotines.fr\/index.php\/popotines\/","title":{"rendered":"POPOTINES"},"content":{"rendered":"\t\t<div data-elementor-type=\"wp-page\" data-elementor-id=\"34\" class=\"elementor elementor-34\">\n\t\t\t\t<div class=\"elementor-element elementor-element-148ad00c e-flex e-con-boxed e-con e-parent\" data-id=\"148ad00c\" data-element_type=\"container\">\n\t\t\t\t\t<div class=\"e-con-inner\">\n\t\t\t\t<div class=\"elementor-element elementor-element-77c0a39f elementor-widget elementor-widget-text-editor\" data-id=\"77c0a39f\" data-element_type=\"widget\" data-widget_type=\"text-editor.default\">\n\t\t\t\t\t\t\t\t\t\n<figure class=\"wp-block-image is-resized\"><img decoding=\"async\" class=\"wp-image-218\" src=\"https:\/\/popotines.fr\/wp-content\/uploads\/2020\/02\/Arabesque2.png\" alt=\"\" width=\"68\" height=\"31\" srcset=\"https:\/\/popotines.fr\/wp-content\/uploads\/2020\/02\/Arabesque2.png 300w, https:\/\/popotines.fr\/wp-content\/uploads\/2020\/02\/Arabesque2-129x60.png 129w\" sizes=\"(max-width: 68px) 100vw, 68px\" \/><\/figure>\n\n<h2 class=\"wp-block-heading\"><a href=\"https:\/\/popotines.fr\/index.php\/popotines-2\/\"><span dir=\"auto\" style=\"vertical-align: inherit;\"><span dir=\"auto\" style=\"vertical-align: inherit;\"><span dir=\"auto\" style=\"vertical-align: inherit;\"><span dir=\"auto\" style=\"vertical-align: inherit;\"><span dir=\"auto\" style=\"vertical-align: inherit;\"><span dir=\"auto\" style=\"vertical-align: inherit;\">POPOTINES<\/span><\/span><\/span><\/span><\/span><\/span><\/a><\/h2>\n\n<p><span dir=\"auto\" style=\"vertical-align: inherit;\"><span dir=\"auto\" style=\"vertical-align: inherit;\"><span dir=\"auto\" style=\"vertical-align: inherit;\">POPOTINES est une jeune entreprise (2019) cr\u00e9\u00e9e par Maxime VALL\u00c9E, entrepreneur alors \u00e2g\u00e9e de 35 ans install\u00e9 sur Pontch\u00e2teau (44).<\/span><\/span><\/span><\/p>\n<p><\/p>\n<p><span dir=\"auto\" style=\"vertical-align: inherit;\"><span dir=\"auto\" style=\"vertical-align: inherit;\"><span dir=\"auto\" style=\"vertical-align: inherit;\">POPOTINES, ce sont des gourmandises artisanales pour soi ou pour offrir.<\/span><\/span><\/span><\/p>\n<p><\/p>\n<p><span dir=\"auto\" style=\"vertical-align: inherit;\"><span dir=\"auto\" style=\"vertical-align: inherit;\"><span dir=\"auto\" style=\"vertical-align: inherit;\">Les <\/span><\/span><a href=\"https:\/\/popotines.fr\/index.php\/preparations-a-base-de-fruits\/\"><strong><span dir=\"auto\" style=\"vertical-align: inherit;\"><span dir=\"auto\" style=\"vertical-align: inherit;\">pr\u00e9parations \u00e0 base de fruits<\/span><\/span><\/strong><\/a>\u00a0<\/span><span dir=\"auto\" style=\"vertical-align: inherit;\"><span dir=\"auto\" style=\"vertical-align: inherit;\"><span dir=\"auto\" style=\"vertical-align: inherit;\"> sont r\u00e9alis\u00e9es au fil des saisons, en petites quantit\u00e9s et avec des fruits locaux. Les <\/span><\/span><\/span><a href=\"https:\/\/popotines.fr\/index.php\/caramels-au-beurre-sale\/\"><strong><span dir=\"auto\" style=\"vertical-align: inherit;\"><span dir=\"auto\" style=\"vertical-align: inherit;\"><span dir=\"auto\" style=\"vertical-align: inherit;\">caramels au beurre sal\u00e9<\/span><\/span><\/span><\/strong><\/a><span dir=\"auto\" style=\"vertical-align: inherit;\"><span dir=\"auto\" style=\"vertical-align: inherit;\"><span dir=\"auto\" style=\"vertical-align: inherit;\"> sont d\u00e9clin\u00e9s sous de nombreuses recettes pour le plus grand plaisir des gourmets !<\/span><\/span><\/span><\/p>\n<p><\/p>\n<p><span dir=\"auto\" style=\"vertical-align: inherit;\"><span dir=\"auto\" style=\"vertical-align: inherit;\"><span dir=\"auto\" style=\"vertical-align: inherit;\">Les gourmandises POPOTINES sont disponibles en <\/span><\/span><\/span><a href=\"https:\/\/popotines.fr\/index.php\/ou-nous-trouver\/\"><strong><span dir=\"auto\" style=\"vertical-align: inherit;\"><span dir=\"auto\" style=\"vertical-align: inherit;\"><span dir=\"auto\" style=\"vertical-align: inherit;\">boutiques<\/span><\/span><\/span><\/strong><\/a><span dir=\"auto\" style=\"vertical-align: inherit;\"><span dir=\"auto\" style=\"vertical-align: inherit;\"><span dir=\"auto\" style=\"vertical-align: inherit;\"> localement.<\/span><\/span><\/span><\/p>\n<p><\/p>\n<p><span dir=\"auto\" style=\"vertical-align: inherit;\"><span dir=\"auto\" style=\"vertical-align: inherit;\"><span dir=\"auto\" style=\"vertical-align: inherit;\">N&#8217;h\u00e9sitez pas \u00e0 vous abonner \u00e0 la page <\/span><\/span><\/span><a href=\"http:\/\/www.facebook.com\/popotines44\/\"><strong><span dir=\"auto\" style=\"vertical-align: inherit;\"><span dir=\"auto\" style=\"vertical-align: inherit;\"><span dir=\"auto\" style=\"vertical-align: inherit;\">Facebook<\/span><\/span><\/span><\/strong><\/a><span dir=\"auto\" style=\"vertical-align: inherit;\"><span dir=\"auto\" style=\"vertical-align: inherit;\"><span dir=\"auto\" style=\"vertical-align: inherit;\"> pour suivre les actualit\u00e9s !<\/span><\/span><\/span><\/p>\n\n<figure class=\"wp-block-image is-resized\"><img decoding=\"async\" class=\"wp-image-218\" src=\"https:\/\/popotines.fr\/wp-content\/uploads\/2020\/02\/Arabesque2.png\" alt=\"\" width=\"68\" height=\"31\" srcset=\"https:\/\/popotines.fr\/wp-content\/uploads\/2020\/02\/Arabesque2.png 300w, https:\/\/popotines.fr\/wp-content\/uploads\/2020\/02\/Arabesque2-129x60.png 129w\" sizes=\"(max-width: 68px) 100vw, 68px\" \/><\/figure>\n\n<h2 class=\"wp-block-heading\"><a href=\"https:\/\/popotines.fr\/index.php\/ma-demarche\/\"><span dir=\"auto\" style=\"vertical-align: inherit;\"><span dir=\"auto\" style=\"vertical-align: inherit;\"><span dir=\"auto\" style=\"vertical-align: inherit;\"><span dir=\"auto\" style=\"vertical-align: inherit;\"><span dir=\"auto\" style=\"vertical-align: inherit;\"><span dir=\"auto\" style=\"vertical-align: inherit;\">Ma d\u00e9marche<\/span><\/span><\/span><\/span><\/span><\/span><\/a><\/h2>\n\n<p data-start=\"211\" data-end=\"329\"><span dir=\"auto\">Je fabrique des confitures et caramels de mani\u00e8re artisanale, avec des choix concrets \u00e0 chaque \u00e9tape de la production, qui \u00e9voluent avec le temps.<\/span><\/p>\n<p data-start=\"331\" data-end=\"346\"><strong data-start=\"331\" data-end=\"346\"><span dir=\"auto\">Ingr\u00e9dients<\/span><\/strong><\/p>\n<ul data-start=\"347\" data-end=\"589\">\n<li data-start=\"347\" data-end=\"446\">\n<p data-start=\"349\" data-end=\"446\"><span dir=\"auto\">Fruits non trait\u00e9s issus de mon jardin, de cueillettes locales et de producteurs locaux.<\/span><\/p>\n<\/li>\n<li data-start=\"447\" data-end=\"536\">\n<p data-start=\"449\" data-end=\"536\"><span dir=\"auto\">Ingr\u00e9dients issus de l&#8217;agriculture biologique lorsque cela est possible (sucre, produits laitiers, chanvre\u2026)<\/span><\/p>\n<\/li>\n<li data-start=\"537\" data-end=\"589\">\n<p data-start=\"539\" data-end=\"589\"><span dir=\"auto\">Recettes simples<\/span><\/p>\n<\/li>\n<\/ul>\n<p data-start=\"591\" data-end=\"612\"><strong data-start=\"591\" data-end=\"612\"><span dir=\"auto\">Lieu de production<\/span><\/strong><\/p>\n<ul data-start=\"613\" data-end=\"764\">\n<li data-start=\"613\" data-end=\"667\">\n<p data-start=\"615\" data-end=\"667\"><span dir=\"auto\">Fabrication dans un laboratoire install\u00e9 sur place<\/span><\/p>\n<\/li>\n<li data-start=\"668\" data-end=\"723\">\n<p data-start=\"670\" data-end=\"723\"><span dir=\"auto\">Travail principalement manuel, avec peu de machines<\/span><\/p>\n<\/li>\n<li data-start=\"724\" data-end=\"764\">\n<p data-start=\"726\" data-end=\"764\"><span dir=\"auto\">Petites s\u00e9ries, adapt\u00e9es aux saisons<\/span><\/p>\n<\/li>\n<\/ul>\n<p data-start=\"766\" data-end=\"789\"><strong data-start=\"766\" data-end=\"789\"><span dir=\"auto\">Vente et transports<\/span><\/strong><\/p>\n<ul data-start=\"790\" data-end=\"895\">\n<li data-start=\"790\" data-end=\"836\">\n<p data-start=\"792\" data-end=\"836\"><span dir=\"auto\">Production et ventes exclusivement locales<\/span><\/p>\n<\/li>\n<li data-start=\"837\" data-end=\"895\">\n<p data-start=\"839\" data-end=\"895\"><span dir=\"auto\">Pas de vente \u00e0 distance afin de limiter les transports<\/span><\/p>\n<\/li>\n<\/ul>\n<p data-start=\"897\" data-end=\"911\"><strong data-start=\"897\" data-end=\"911\"><span dir=\"auto\">Contenants<\/span><\/strong><\/p>\n<ul data-start=\"912\" data-end=\"1086\">\n<li data-start=\"912\" data-end=\"970\">\n<p data-start=\"914\" data-end=\"970\"><span dir=\"auto\">Pots en verre Fabrication en Europe, capsules fran\u00e7aises<\/span><\/p>\n<\/li>\n<li data-start=\"971\" data-end=\"1031\">\n<p data-start=\"973\" data-end=\"1031\"><span dir=\"auto\">\u00c9tiquettes coll\u00e9es au lait, faciles \u00e0 retirer (r\u00e9emploi)<\/span><\/p>\n<\/li>\n<li data-start=\"1032\" data-end=\"1086\">\n<p data-start=\"1034\" data-end=\"1086\"><span dir=\"auto\">Syst\u00e8me de retour des pots avec r\u00e9duction<\/span><\/p>\n<\/li>\n<\/ul>\n\n<figure><\/figure>\n<figure class=\"wp-block-image is-resized\"><img decoding=\"async\" class=\"wp-image-218\" src=\"https:\/\/popotines.fr\/wp-content\/uploads\/2020\/02\/Arabesque2.png\" alt=\"\" width=\"68\" height=\"31\" srcset=\"https:\/\/popotines.fr\/wp-content\/uploads\/2020\/02\/Arabesque2.png 300w, https:\/\/popotines.fr\/wp-content\/uploads\/2020\/02\/Arabesque2-129x60.png 129w\" sizes=\"(max-width: 68px) 100vw, 68px\" \/><\/figure>\n\n<h2 class=\"wp-block-heading\"><a href=\"https:\/\/popotines.fr\/index.php\/informations-legales\/\"><span dir=\"auto\" style=\"vertical-align: inherit;\"><span dir=\"auto\" style=\"vertical-align: inherit;\"><span dir=\"auto\" style=\"vertical-align: inherit;\"><span dir=\"auto\" style=\"vertical-align: inherit;\"><span dir=\"auto\" style=\"vertical-align: inherit;\"><span dir=\"auto\" style=\"vertical-align: inherit;\">Informations l\u00e9gales<\/span><\/span><\/span><\/span><\/span><\/span><\/a><\/h2>\n\n<p><span dir=\"auto\" style=\"vertical-align: inherit;\"><span dir=\"auto\" style=\"vertical-align: inherit;\"><span dir=\"auto\" style=\"vertical-align: inherit;\"><span dir=\"auto\" style=\"vertical-align: inherit;\"><span dir=\"auto\" style=\"vertical-align: inherit;\"><span dir=\"auto\" style=\"vertical-align: inherit;\">POPOTINES est une entreprise individuelle sous statut micro-entrepreneur.<\/span><\/span><\/span><\/span><\/span><\/span><\/p>\n\n<p><span dir=\"auto\" style=\"vertical-align: inherit;\"><span dir=\"auto\" style=\"vertical-align: inherit;\"><span dir=\"auto\" style=\"vertical-align: inherit;\"><span dir=\"auto\" style=\"vertical-align: inherit;\"><span dir=\"auto\" style=\"vertical-align: inherit;\"><span dir=\"auto\" style=\"vertical-align: inherit;\">TVA non applicable (article 293B du CGI).<\/span><\/span><\/span><\/span><\/span><\/span><\/p>\n\n<p><span dir=\"auto\" style=\"vertical-align: inherit;\"><span dir=\"auto\" style=\"vertical-align: inherit;\"><span dir=\"auto\" style=\"vertical-align: inherit;\"><span dir=\"auto\" style=\"vertical-align: inherit;\"><span dir=\"auto\" style=\"vertical-align: inherit;\"><span dir=\"auto\" style=\"vertical-align: inherit;\">SIRET : 850.953.498.000.19 \/\/ code Naf : 1039b.<\/span><\/span><\/span><\/span><\/span><\/span><\/p>\n\t\t\t\t\t\t\t\t<\/div>\n\t\t\t\t\t<\/div>\n\t\t\t\t<\/div>\n\t\t\t\t<\/div>\n\t\t","protected":false},"excerpt":{"rendered":"<p>POPOTINES POPOTINES est une jeune entreprise (2019) cr\u00e9\u00e9e par Maxime VALL\u00c9E, entrepreneur alors \u00e2g\u00e9e de 35 ans install\u00e9 sur Pontch\u00e2teau [&hellip;]<\/p>\n","protected":false},"author":1,"featured_media":0,"parent":0,"menu_order":0,"comment_status":"closed","ping_status":"closed","template":"","meta":{"site-sidebar-layout":"default","site-content-layout":"","ast-site-content-layout":"default","site-content-style":"default","site-sidebar-style":"default","ast-global-header-display":"","ast-banner-title-visibility":"","ast-main-header-display":"","ast-hfb-above-header-display":"","ast-hfb-below-header-display":"","ast-hfb-mobile-header-display":"","site-post-title":"","ast-breadcrumbs-content":"","ast-featured-img":"","footer-sml-layout":"","theme-transparent-header-meta":"","adv-header-id-meta":"","stick-header-meta":"","header-above-stick-meta":"","header-main-stick-meta":"","header-below-stick-meta":"","astra-migrate-meta-layouts":"default","ast-page-background-enabled":"default","ast-page-background-meta":{"desktop":{"background-color":"var(--ast-global-color-5)","background-image":"","background-repeat":"repeat","background-position":"center center","background-size":"auto","background-attachment":"scroll","background-type":"","background-media":"","overlay-type":"","overlay-color":"","overlay-opacity":"","overlay-gradient":""},"tablet":{"background-color":"","background-image":"","background-repeat":"repeat","background-position":"center center","background-size":"auto","background-attachment":"scroll","background-type":"","background-media":"","overlay-type":"","overlay-color":"","overlay-opacity":"","overlay-gradient":""},"mobile":{"background-color":"","background-image":"","background-repeat":"repeat","background-position":"center center","background-size":"auto","background-attachment":"scroll","background-type":"","background-media":"","overlay-type":"","overlay-color":"","overlay-opacity":"","overlay-gradient":""}},"ast-content-background-meta":{"desktop":{"background-color":"var(--ast-global-color-4)","background-image":"","background-repeat":"repeat","background-position":"center center","background-size":"auto","background-attachment":"scroll","background-type":"","background-media":"","overlay-type":"","overlay-color":"","overlay-opacity":"","overlay-gradient":""},"tablet":{"background-color":"var(--ast-global-color-4)","background-image":"","background-repeat":"repeat","background-position":"center center","background-size":"auto","background-attachment":"scroll","background-type":"","background-media":"","overlay-type":"","overlay-color":"","overlay-opacity":"","overlay-gradient":""},"mobile":{"background-color":"var(--ast-global-color-4)","background-image":"","background-repeat":"repeat","background-position":"center center","background-size":"auto","background-attachment":"scroll","background-type":"","background-media":"","overlay-type":"","overlay-color":"","overlay-opacity":"","overlay-gradient":""}},"footnotes":""},"class_list":["post-34","page","type-page","status-publish","hentry"],"_links":{"self":[{"href":"https:\/\/popotines.fr\/index.php\/wp-json\/wp\/v2\/pages\/34","targetHints":{"allow":["GET"]}}],"collection":[{"href":"https:\/\/popotines.fr\/index.php\/wp-json\/wp\/v2\/pages"}],"about":[{"href":"https:\/\/popotines.fr\/index.php\/wp-json\/wp\/v2\/types\/page"}],"author":[{"embeddable":true,"href":"https:\/\/popotines.fr\/index.php\/wp-json\/wp\/v2\/users\/1"}],"replies":[{"embeddable":true,"href":"https:\/\/popotines.fr\/index.php\/wp-json\/wp\/v2\/comments?post=34"}],"version-history":[{"count":30,"href":"https:\/\/popotines.fr\/index.php\/wp-json\/wp\/v2\/pages\/34\/revisions"}],"predecessor-version":[{"id":347,"href":"https:\/\/popotines.fr\/index.php\/wp-json\/wp\/v2\/pages\/34\/revisions\/347"}],"wp:attachment":[{"href":"https:\/\/popotines.fr\/index.php\/wp-json\/wp\/v2\/media?parent=34"}],"curies":[{"name":"wp","href":"https:\/\/api.w.org\/{rel}","templated":true}]}}