{"id":130,"date":"2020-02-17T14:41:52","date_gmt":"2020-02-17T13:41:52","guid":{"rendered":"http:\/\/popotines.fr\/?page_id=130"},"modified":"2026-02-02T14:20:34","modified_gmt":"2026-02-02T13:20:34","slug":"ma-demarche","status":"publish","type":"page","link":"https:\/\/popotines.fr\/index.php\/ma-demarche\/","title":{"rendered":"Ma d\u00e9marche"},"content":{"rendered":"\t\t<div data-elementor-type=\"wp-page\" data-elementor-id=\"130\" class=\"elementor elementor-130\">\n\t\t\t\t<div class=\"elementor-element elementor-element-4eba2cfd e-flex e-con-boxed e-con e-parent\" data-id=\"4eba2cfd\" data-element_type=\"container\">\n\t\t\t\t\t<div class=\"e-con-inner\">\n\t\t\t\t<div class=\"elementor-element elementor-element-d248e51 elementor-widget elementor-widget-text-editor\" data-id=\"d248e51\" data-element_type=\"widget\" data-widget_type=\"text-editor.default\">\n\t\t\t\t\t\t\t\t\t<p data-start=\"211\" data-end=\"329\"><span dir=\"auto\" style=\"vertical-align: inherit;\"><span dir=\"auto\" style=\"vertical-align: inherit;\"><span dir=\"auto\" style=\"vertical-align: inherit;\"><span dir=\"auto\" style=\"vertical-align: inherit;\"><span dir=\"auto\" style=\"vertical-align: inherit;\"><span dir=\"auto\" style=\"vertical-align: inherit;\">Je fabrique des confitures et caramels de mani\u00e8re artisanale, avec des choix concrets \u00e0 chaque \u00e9tape de la production, qui \u00e9voluent avec le temps.<\/span><\/span><\/span><\/span><\/span><\/span><\/p><p data-start=\"331\" data-end=\"346\"><strong data-start=\"331\" data-end=\"346\"><span dir=\"auto\" style=\"vertical-align: inherit;\"><span dir=\"auto\" style=\"vertical-align: inherit;\"><span dir=\"auto\" style=\"vertical-align: inherit;\"><span dir=\"auto\" style=\"vertical-align: inherit;\"><span dir=\"auto\" style=\"vertical-align: inherit;\"><span dir=\"auto\" style=\"vertical-align: inherit;\">Ingr\u00e9dients<\/span><\/span><\/span><\/span><\/span><\/span><\/strong><\/p><ul data-start=\"347\" data-end=\"589\"><li data-start=\"347\" data-end=\"446\"><p data-start=\"349\" data-end=\"446\"><span dir=\"auto\" style=\"vertical-align: inherit;\"><span dir=\"auto\" style=\"vertical-align: inherit;\"><span dir=\"auto\" style=\"vertical-align: inherit;\"><span dir=\"auto\" style=\"vertical-align: inherit;\"><span dir=\"auto\" style=\"vertical-align: inherit;\"><span dir=\"auto\" style=\"vertical-align: inherit;\">Fruits non trait\u00e9s issus de mon jardin, de cueillettes locales et de producteurs locaux.<\/span><\/span><\/span><\/span><\/span><\/span><\/p><\/li><li data-start=\"447\" data-end=\"536\"><p data-start=\"449\" data-end=\"536\"><span dir=\"auto\" style=\"vertical-align: inherit;\"><span dir=\"auto\" style=\"vertical-align: inherit;\"><span dir=\"auto\" style=\"vertical-align: inherit;\"><span dir=\"auto\" style=\"vertical-align: inherit;\"><span dir=\"auto\" style=\"vertical-align: inherit;\"><span dir=\"auto\" style=\"vertical-align: inherit;\">Ingr\u00e9dients issus de l&#8217;agriculture biologique lorsque cela est possible (sucre, produits laitiers, chanvre&#8230;)<\/span><\/span><\/span><\/span><\/span><\/span><\/p><\/li><li data-start=\"537\" data-end=\"589\"><p data-start=\"539\" data-end=\"589\"><span dir=\"auto\" style=\"vertical-align: inherit;\"><span dir=\"auto\" style=\"vertical-align: inherit;\"><span dir=\"auto\" style=\"vertical-align: inherit;\"><span dir=\"auto\" style=\"vertical-align: inherit;\"><span dir=\"auto\" style=\"vertical-align: inherit;\"><span dir=\"auto\" style=\"vertical-align: inherit;\">Recettes simples<\/span><\/span><\/span><\/span><\/span><\/span><\/p><\/li><li data-start=\"537\" data-end=\"589\">La texture des pr\u00e9parations \u00e0 base de fruits et gel\u00e9es est obtenue gr\u00e2ce \u00e0 l\u2019ajout de pectine (E440), un g\u00e9lifiant d\u2019origine v\u00e9g\u00e9tale (pelures d&#8217;agrumes, pulpe de pommes).<\/li><\/ul><p data-start=\"591\" data-end=\"612\"><strong data-start=\"591\" data-end=\"612\"><span dir=\"auto\" style=\"vertical-align: inherit;\"><span dir=\"auto\" style=\"vertical-align: inherit;\"><span dir=\"auto\" style=\"vertical-align: inherit;\"><span dir=\"auto\" style=\"vertical-align: inherit;\"><span dir=\"auto\" style=\"vertical-align: inherit;\"><span dir=\"auto\" style=\"vertical-align: inherit;\">Lieu de production<\/span><\/span><\/span><\/span><\/span><\/span><\/strong><\/p><ul data-start=\"613\" data-end=\"764\"><li data-start=\"613\" data-end=\"667\"><p data-start=\"615\" data-end=\"667\"><span dir=\"auto\" style=\"vertical-align: inherit;\"><span dir=\"auto\" style=\"vertical-align: inherit;\"><span dir=\"auto\" style=\"vertical-align: inherit;\"><span dir=\"auto\" style=\"vertical-align: inherit;\"><span dir=\"auto\" style=\"vertical-align: inherit;\"><span dir=\"auto\" style=\"vertical-align: inherit;\">Fabrication dans un laboratoire install\u00e9 sur place<\/span><\/span><\/span><\/span><\/span><\/span><\/p><\/li><li data-start=\"668\" data-end=\"723\"><p data-start=\"670\" data-end=\"723\"><span dir=\"auto\" style=\"vertical-align: inherit;\"><span dir=\"auto\" style=\"vertical-align: inherit;\"><span dir=\"auto\" style=\"vertical-align: inherit;\"><span dir=\"auto\" style=\"vertical-align: inherit;\"><span dir=\"auto\" style=\"vertical-align: inherit;\"><span dir=\"auto\" style=\"vertical-align: inherit;\">Travail principalement manuel, avec peu de machines<\/span><\/span><\/span><\/span><\/span><\/span><\/p><\/li><li data-start=\"724\" data-end=\"764\"><p data-start=\"726\" data-end=\"764\"><span dir=\"auto\" style=\"vertical-align: inherit;\"><span dir=\"auto\" style=\"vertical-align: inherit;\"><span dir=\"auto\" style=\"vertical-align: inherit;\"><span dir=\"auto\" style=\"vertical-align: inherit;\"><span dir=\"auto\" style=\"vertical-align: inherit;\"><span dir=\"auto\" style=\"vertical-align: inherit;\">Petites s\u00e9ries, adapt\u00e9es aux saisons<\/span><\/span><\/span><\/span><\/span><\/span><\/p><\/li><\/ul><p data-start=\"766\" data-end=\"789\"><strong data-start=\"766\" data-end=\"789\"><span dir=\"auto\" style=\"vertical-align: inherit;\"><span dir=\"auto\" style=\"vertical-align: inherit;\"><span dir=\"auto\" style=\"vertical-align: inherit;\"><span dir=\"auto\" style=\"vertical-align: inherit;\"><span dir=\"auto\" style=\"vertical-align: inherit;\"><span dir=\"auto\" style=\"vertical-align: inherit;\">Vente et transports<\/span><\/span><\/span><\/span><\/span><\/span><\/strong><\/p><ul data-start=\"790\" data-end=\"895\"><li data-start=\"790\" data-end=\"836\"><p data-start=\"792\" data-end=\"836\"><span dir=\"auto\" style=\"vertical-align: inherit;\"><span dir=\"auto\" style=\"vertical-align: inherit;\"><span dir=\"auto\" style=\"vertical-align: inherit;\"><span dir=\"auto\" style=\"vertical-align: inherit;\"><span dir=\"auto\" style=\"vertical-align: inherit;\"><span dir=\"auto\" style=\"vertical-align: inherit;\">Production et ventes exclusivement locales<\/span><\/span><\/span><\/span><\/span><\/span><\/p><\/li><li data-start=\"837\" data-end=\"895\"><p data-start=\"839\" data-end=\"895\"><span dir=\"auto\" style=\"vertical-align: inherit;\"><span dir=\"auto\" style=\"vertical-align: inherit;\"><span dir=\"auto\" style=\"vertical-align: inherit;\"><span dir=\"auto\" style=\"vertical-align: inherit;\"><span dir=\"auto\" style=\"vertical-align: inherit;\"><span dir=\"auto\" style=\"vertical-align: inherit;\">Pas de vente \u00e0 distance afin de limiter les transports<\/span><\/span><\/span><\/span><\/span><\/span><\/p><\/li><\/ul><p data-start=\"897\" data-end=\"911\"><strong data-start=\"897\" data-end=\"911\"><span dir=\"auto\" style=\"vertical-align: inherit;\"><span dir=\"auto\" style=\"vertical-align: inherit;\"><span dir=\"auto\" style=\"vertical-align: inherit;\"><span dir=\"auto\" style=\"vertical-align: inherit;\"><span dir=\"auto\" style=\"vertical-align: inherit;\"><span dir=\"auto\" style=\"vertical-align: inherit;\">Contenants<\/span><\/span><\/span><\/span><\/span><\/span><\/strong><\/p><ul data-start=\"912\" data-end=\"1086\"><li data-start=\"912\" data-end=\"970\"><p data-start=\"914\" data-end=\"970\"><span dir=\"auto\" style=\"vertical-align: inherit;\"><span dir=\"auto\" style=\"vertical-align: inherit;\"><span dir=\"auto\" style=\"vertical-align: inherit;\"><span dir=\"auto\" style=\"vertical-align: inherit;\"><span dir=\"auto\" style=\"vertical-align: inherit;\"><span dir=\"auto\" style=\"vertical-align: inherit;\">Pots en verre Fabrication en Europe, capsules fran\u00e7aises<\/span><\/span><\/span><\/span><\/span><\/span><\/p><\/li><li data-start=\"971\" data-end=\"1031\"><p data-start=\"973\" data-end=\"1031\"><span dir=\"auto\" style=\"vertical-align: inherit;\"><span dir=\"auto\" style=\"vertical-align: inherit;\"><span dir=\"auto\" style=\"vertical-align: inherit;\"><span dir=\"auto\" style=\"vertical-align: inherit;\"><span dir=\"auto\" style=\"vertical-align: inherit;\"><span dir=\"auto\" style=\"vertical-align: inherit;\">\u00c9tiquettes coll\u00e9es au lait, faciles \u00e0 retirer (r\u00e9emploi)<\/span><\/span><\/span><\/span><\/span><\/span><\/p><\/li><li data-start=\"1032\" data-end=\"1086\"><p data-start=\"1034\" data-end=\"1086\"><span dir=\"auto\" style=\"vertical-align: inherit;\"><span dir=\"auto\" style=\"vertical-align: inherit;\"><span dir=\"auto\" style=\"vertical-align: inherit;\"><span dir=\"auto\" style=\"vertical-align: inherit;\"><span dir=\"auto\" style=\"vertical-align: inherit;\"><span dir=\"auto\" style=\"vertical-align: inherit;\">Syst\u00e8me de retour des pots avec r\u00e9duction<\/span><\/span><\/span><\/span><\/span><\/span><\/p><\/li><\/ul><p><!-- \/wp:paragraph --><\/p>\t\t\t\t\t\t\t\t<\/div>\n\t\t\t\t\t<\/div>\n\t\t\t\t<\/div>\n\t\t\t\t<\/div>\n\t\t","protected":false},"excerpt":{"rendered":"<p>Je fabrique des confitures et caramels de mani\u00e8re artisanale, avec des choix concrets \u00e0 chaque \u00e9tape de la production, qui [&hellip;]<\/p>\n","protected":false},"author":1,"featured_media":0,"parent":0,"menu_order":0,"comment_status":"closed","ping_status":"closed","template":"","meta":{"site-sidebar-layout":"default","site-content-layout":"","ast-site-content-layout":"default","site-content-style":"default","site-sidebar-style":"default","ast-global-header-display":"","ast-banner-title-visibility":"","ast-main-header-display":"","ast-hfb-above-header-display":"","ast-hfb-below-header-display":"","ast-hfb-mobile-header-display":"","site-post-title":"","ast-breadcrumbs-content":"","ast-featured-img":"","footer-sml-layout":"","theme-transparent-header-meta":"","adv-header-id-meta":"","stick-header-meta":"","header-above-stick-meta":"","header-main-stick-meta":"","header-below-stick-meta":"","astra-migrate-meta-layouts":"default","ast-page-background-enabled":"default","ast-page-background-meta":{"desktop":{"background-color":"var(--ast-global-color-5)","background-image":"","background-repeat":"repeat","background-position":"center center","background-size":"auto","background-attachment":"scroll","background-type":"","background-media":"","overlay-type":"","overlay-color":"","overlay-opacity":"","overlay-gradient":""},"tablet":{"background-color":"","background-image":"","background-repeat":"repeat","background-position":"center center","background-size":"auto","background-attachment":"scroll","background-type":"","background-media":"","overlay-type":"","overlay-color":"","overlay-opacity":"","overlay-gradient":""},"mobile":{"background-color":"","background-image":"","background-repeat":"repeat","background-position":"center center","background-size":"auto","background-attachment":"scroll","background-type":"","background-media":"","overlay-type":"","overlay-color":"","overlay-opacity":"","overlay-gradient":""}},"ast-content-background-meta":{"desktop":{"background-color":"var(--ast-global-color-4)","background-image":"","background-repeat":"repeat","background-position":"center center","background-size":"auto","background-attachment":"scroll","background-type":"","background-media":"","overlay-type":"","overlay-color":"","overlay-opacity":"","overlay-gradient":""},"tablet":{"background-color":"var(--ast-global-color-4)","background-image":"","background-repeat":"repeat","background-position":"center center","background-size":"auto","background-attachment":"scroll","background-type":"","background-media":"","overlay-type":"","overlay-color":"","overlay-opacity":"","overlay-gradient":""},"mobile":{"background-color":"var(--ast-global-color-4)","background-image":"","background-repeat":"repeat","background-position":"center center","background-size":"auto","background-attachment":"scroll","background-type":"","background-media":"","overlay-type":"","overlay-color":"","overlay-opacity":"","overlay-gradient":""}},"footnotes":""},"class_list":["post-130","page","type-page","status-publish","hentry"],"_links":{"self":[{"href":"https:\/\/popotines.fr\/index.php\/wp-json\/wp\/v2\/pages\/130","targetHints":{"allow":["GET"]}}],"collection":[{"href":"https:\/\/popotines.fr\/index.php\/wp-json\/wp\/v2\/pages"}],"about":[{"href":"https:\/\/popotines.fr\/index.php\/wp-json\/wp\/v2\/types\/page"}],"author":[{"embeddable":true,"href":"https:\/\/popotines.fr\/index.php\/wp-json\/wp\/v2\/users\/1"}],"replies":[{"embeddable":true,"href":"https:\/\/popotines.fr\/index.php\/wp-json\/wp\/v2\/comments?post=130"}],"version-history":[{"count":14,"href":"https:\/\/popotines.fr\/index.php\/wp-json\/wp\/v2\/pages\/130\/revisions"}],"predecessor-version":[{"id":356,"href":"https:\/\/popotines.fr\/index.php\/wp-json\/wp\/v2\/pages\/130\/revisions\/356"}],"wp:attachment":[{"href":"https:\/\/popotines.fr\/index.php\/wp-json\/wp\/v2\/media?parent=130"}],"curies":[{"name":"wp","href":"https:\/\/api.w.org\/{rel}","templated":true}]}}