{"id":12,"date":"2020-02-16T19:26:15","date_gmt":"2020-02-16T18:26:15","guid":{"rendered":"http:\/\/popotines.fr\/?page_id=12"},"modified":"2026-02-02T14:12:47","modified_gmt":"2026-02-02T13:12:47","slug":"preparations-a-base-de-fruits","status":"publish","type":"page","link":"https:\/\/popotines.fr\/index.php\/preparations-a-base-de-fruits\/","title":{"rendered":"Pr\u00e9parations \u00e0 base de fruits"},"content":{"rendered":"\t\t<div data-elementor-type=\"wp-page\" data-elementor-id=\"12\" class=\"elementor elementor-12\">\n\t\t\t\t<div class=\"elementor-element elementor-element-6b9c24f e-flex e-con-boxed e-con e-parent\" data-id=\"6b9c24f\" data-element_type=\"container\">\n\t\t\t\t\t<div class=\"e-con-inner\">\n\t\t\t\t<div class=\"elementor-element elementor-element-33df0662 elementor-widget elementor-widget-text-editor\" data-id=\"33df0662\" data-element_type=\"widget\" data-widget_type=\"text-editor.default\">\n\t\t\t\t\t\t\t\t\t\n<p><span dir=\"auto\" style=\"vertical-align: inherit;\"><span dir=\"auto\" style=\"vertical-align: inherit;\"><span dir=\"auto\" style=\"vertical-align: inherit;\"><span dir=\"auto\" style=\"vertical-align: inherit;\"><span dir=\"auto\" style=\"vertical-align: inherit;\"><span dir=\"auto\" style=\"vertical-align: inherit;\">Les pr\u00e9parations \u00e0 base de fruits POPOTINES sont toutes r\u00e9alis\u00e9es en petites quantit\u00e9s et avec du sucre bio.<\/span><\/span><\/span><\/span><\/span><\/span><\/p>\n\n<p><span dir=\"auto\" style=\"vertical-align: inherit;\"><span dir=\"auto\" style=\"vertical-align: inherit;\"><span dir=\"auto\" style=\"vertical-align: inherit;\"><span dir=\"auto\" style=\"vertical-align: inherit;\"><span dir=\"auto\" style=\"vertical-align: inherit;\"><span dir=\"auto\" style=\"vertical-align: inherit;\">Les fruits, de saison, proviennent du jardin, de la cueillette sauvage et de fermes locales pratiquant l&#8217;agriculture raisonn\u00e9e.<\/span><\/span><\/span><\/span><\/span><\/span><\/p>\n\n<p><span dir=\"auto\" style=\"vertical-align: inherit;\"><span dir=\"auto\" style=\"vertical-align: inherit;\"><span dir=\"auto\" style=\"vertical-align: inherit;\"><span dir=\"auto\" style=\"vertical-align: inherit;\"><span dir=\"auto\" style=\"vertical-align: inherit;\"><span dir=\"auto\" style=\"vertical-align: inherit;\">Les recettes varient au fil des saisons et des cueillettes : fraise \u00e0 la cr\u00e8me de fraise des bois, rhubarbe-verveine, poire-f\u00e8ve de tonka, m\u00fbre aux \u00e9pices, prune jaune au miel, prune rouge aux \u00e9pices.<\/span><\/span><\/span><\/span><\/span><\/span><\/p>\n\n<p><span dir=\"auto\" style=\"vertical-align: inherit;\"><span dir=\"auto\" style=\"vertical-align: inherit;\"><span dir=\"auto\" style=\"vertical-align: inherit;\"><span dir=\"auto\" style=\"vertical-align: inherit;\"><span dir=\"auto\" style=\"vertical-align: inherit;\"><span dir=\"auto\" style=\"vertical-align: inherit;\">Elles sont disponibles en deux formats : petit pot de 100g et grand pot de 300g.<\/span><\/span><\/span><\/span><\/span><\/span><\/p>\n\n<p><span dir=\"auto\" style=\"vertical-align: inherit;\"><span dir=\"auto\" style=\"vertical-align: inherit;\"><span dir=\"auto\" style=\"vertical-align: inherit;\"><span dir=\"auto\" style=\"vertical-align: inherit;\"><span dir=\"auto\" style=\"vertical-align: inherit;\"><span dir=\"auto\" style=\"vertical-align: inherit;\">Les pr\u00e9parations POPOTINES, moins sucr\u00e9es que des confitures traditionnelles, sont st\u00e9rilis\u00e9es et se conservent 2 ans.<\/span><\/span><\/span><\/span><\/span><\/span><\/p>\n<p><strong><span dir=\"auto\" style=\"vertical-align: inherit;\"><span dir=\"auto\" style=\"vertical-align: inherit;\">Les gel\u00e9es :<\/span><\/span><\/strong><\/p>\n<p><span dir=\"auto\" style=\"vertical-align: inherit;\"><span dir=\"auto\" style=\"vertical-align: inherit;\">Les gel\u00e9es sont disponibles toute l&#8217;ann\u00e9e, dans les m\u00eames formats (100g et 300g).<\/span><\/span><\/p>\n<ul>\n<li><span dir=\"auto\" style=\"vertical-align: inherit;\"><span dir=\"auto\" style=\"vertical-align: inherit;\">gel\u00e9e de pomme-cidre<\/span><\/span><\/li>\n<li><span dir=\"auto\" style=\"vertical-align: inherit;\"><span dir=\"auto\" style=\"vertical-align: inherit;\">gel\u00e9e pomme-vanille<\/span><\/span><\/li>\n<\/ul>\n<p><span dir=\"auto\" style=\"vertical-align: inherit;\"><span dir=\"auto\" style=\"vertical-align: inherit;\">Elles se consomment comme des confitures classiques, et accompagnent \u00e9galement bien les fromages.<\/span><\/span><\/p>\n\n<div class=\"wp-block-image is-style-default\">\n<figure class=\"alignright size-large\"><img fetchpriority=\"high\" decoding=\"async\" width=\"1024\" height=\"419\" class=\"wp-image-281\" src=\"https:\/\/popotines.fr\/wp-content\/uploads\/2020\/10\/IMG_20201014_125711-1024x419.jpg\" alt=\"\" srcset=\"https:\/\/popotines.fr\/wp-content\/uploads\/2020\/10\/IMG_20201014_125711-1024x419.jpg 1024w, https:\/\/popotines.fr\/wp-content\/uploads\/2020\/10\/IMG_20201014_125711-300x123.jpg 300w, https:\/\/popotines.fr\/wp-content\/uploads\/2020\/10\/IMG_20201014_125711-768x314.jpg 768w, https:\/\/popotines.fr\/wp-content\/uploads\/2020\/10\/IMG_20201014_125711-1536x629.jpg 1536w, https:\/\/popotines.fr\/wp-content\/uploads\/2020\/10\/IMG_20201014_125711-2048x838.jpg 2048w, https:\/\/popotines.fr\/wp-content\/uploads\/2020\/10\/IMG_20201014_125711-147x60.jpg 147w\" sizes=\"(max-width: 1024px) 100vw, 1024px\" \/>\n<figcaption><i><span dir=\"auto\" style=\"vertical-align: inherit;\"><span dir=\"auto\" style=\"vertical-align: inherit;\">Les pr\u00e9parations \u00e0 base de fruits <\/span><\/span><br \/><span dir=\"auto\" style=\"vertical-align: inherit;\"><span dir=\"auto\" style=\"vertical-align: inherit;\">2020<\/span><\/span><\/i><\/figcaption>\n<\/figure>\n<\/div>\n\n<p>\u00a0<\/p>\n\t\t\t\t\t\t\t\t<\/div>\n\t\t\t\t\t<\/div>\n\t\t\t\t<\/div>\n\t\t\t\t<\/div>\n\t\t","protected":false},"excerpt":{"rendered":"<p>Les pr\u00e9parations \u00e0 base de fruits POPOTINES sont toutes r\u00e9alis\u00e9es en petites quantit\u00e9s et avec du sucre bio. Les fruits, [&hellip;]<\/p>\n","protected":false},"author":1,"featured_media":0,"parent":0,"menu_order":0,"comment_status":"closed","ping_status":"closed","template":"","meta":{"site-sidebar-layout":"default","site-content-layout":"","ast-site-content-layout":"default","site-content-style":"default","site-sidebar-style":"default","ast-global-header-display":"","ast-banner-title-visibility":"","ast-main-header-display":"","ast-hfb-above-header-display":"","ast-hfb-below-header-display":"","ast-hfb-mobile-header-display":"","site-post-title":"","ast-breadcrumbs-content":"","ast-featured-img":"","footer-sml-layout":"","theme-transparent-header-meta":"","adv-header-id-meta":"","stick-header-meta":"","header-above-stick-meta":"","header-main-stick-meta":"","header-below-stick-meta":"","astra-migrate-meta-layouts":"default","ast-page-background-enabled":"default","ast-page-background-meta":{"desktop":{"background-color":"var(--ast-global-color-5)","background-image":"","background-repeat":"repeat","background-position":"center center","background-size":"auto","background-attachment":"scroll","background-type":"","background-media":"","overlay-type":"","overlay-color":"","overlay-opacity":"","overlay-gradient":""},"tablet":{"background-color":"","background-image":"","background-repeat":"repeat","background-position":"center center","background-size":"auto","background-attachment":"scroll","background-type":"","background-media":"","overlay-type":"","overlay-color":"","overlay-opacity":"","overlay-gradient":""},"mobile":{"background-color":"","background-image":"","background-repeat":"repeat","background-position":"center center","background-size":"auto","background-attachment":"scroll","background-type":"","background-media":"","overlay-type":"","overlay-color":"","overlay-opacity":"","overlay-gradient":""}},"ast-content-background-meta":{"desktop":{"background-color":"var(--ast-global-color-4)","background-image":"","background-repeat":"repeat","background-position":"center center","background-size":"auto","background-attachment":"scroll","background-type":"","background-media":"","overlay-type":"","overlay-color":"","overlay-opacity":"","overlay-gradient":""},"tablet":{"background-color":"var(--ast-global-color-4)","background-image":"","background-repeat":"repeat","background-position":"center center","background-size":"auto","background-attachment":"scroll","background-type":"","background-media":"","overlay-type":"","overlay-color":"","overlay-opacity":"","overlay-gradient":""},"mobile":{"background-color":"var(--ast-global-color-4)","background-image":"","background-repeat":"repeat","background-position":"center center","background-size":"auto","background-attachment":"scroll","background-type":"","background-media":"","overlay-type":"","overlay-color":"","overlay-opacity":"","overlay-gradient":""}},"footnotes":""},"class_list":["post-12","page","type-page","status-publish","hentry"],"_links":{"self":[{"href":"https:\/\/popotines.fr\/index.php\/wp-json\/wp\/v2\/pages\/12","targetHints":{"allow":["GET"]}}],"collection":[{"href":"https:\/\/popotines.fr\/index.php\/wp-json\/wp\/v2\/pages"}],"about":[{"href":"https:\/\/popotines.fr\/index.php\/wp-json\/wp\/v2\/types\/page"}],"author":[{"embeddable":true,"href":"https:\/\/popotines.fr\/index.php\/wp-json\/wp\/v2\/users\/1"}],"replies":[{"embeddable":true,"href":"https:\/\/popotines.fr\/index.php\/wp-json\/wp\/v2\/comments?post=12"}],"version-history":[{"count":17,"href":"https:\/\/popotines.fr\/index.php\/wp-json\/wp\/v2\/pages\/12\/revisions"}],"predecessor-version":[{"id":350,"href":"https:\/\/popotines.fr\/index.php\/wp-json\/wp\/v2\/pages\/12\/revisions\/350"}],"wp:attachment":[{"href":"https:\/\/popotines.fr\/index.php\/wp-json\/wp\/v2\/media?parent=12"}],"curies":[{"name":"wp","href":"https:\/\/api.w.org\/{rel}","templated":true}]}}